{"id":7682,"date":"2025-02-18T14:21:08","date_gmt":"2025-02-18T14:21:08","guid":{"rendered":"https:\/\/krysha.md\/?page_id=7682"},"modified":"2026-04-15T15:56:18","modified_gmt":"2026-04-15T15:56:18","slug":"preturi","status":"publish","type":"page","link":"https:\/\/krysha.md\/ru\/preturi\/","title":{"rendered":"\u0426\u0435\u043d\u044b"},"content":{"rendered":"<div data-elementor-type=\"wp-page\" data-elementor-id=\"7682\" class=\"elementor elementor-7682\" data-elementor-post-type=\"page\">\n\t\t\t\t\t\t<section class=\"elementor-section elementor-top-section elementor-element elementor-element-ecbfee3 elementor-section-boxed elementor-section-height-default elementor-section-height-default wd-section-disabled\" data-id=\"ecbfee3\" data-element_type=\"section\" data-e-type=\"section\">\n\t\t\t\t\t\t<div class=\"elementor-container elementor-column-gap-default\">\n\t\t\t\t\t<div class=\"elementor-column elementor-col-100 elementor-top-column elementor-element elementor-element-25f5cca\" data-id=\"25f5cca\" data-element_type=\"column\" data-e-type=\"column\">\n\t\t\t<div class=\"elementor-widget-wrap elementor-element-populated\">\n\t\t\t\t\t\t<section class=\"elementor-section elementor-inner-section elementor-element elementor-element-e654071 elementor-section-boxed elementor-section-height-default elementor-section-height-default wd-section-disabled\" data-id=\"e654071\" data-element_type=\"section\" data-e-type=\"section\">\n\t\t\t\t\t\t<div class=\"elementor-container elementor-column-gap-default\">\n\t\t\t\t\t<div class=\"elementor-column elementor-col-100 elementor-inner-column elementor-element elementor-element-6f8c89e\" data-id=\"6f8c89e\" data-element_type=\"column\" data-e-type=\"column\">\n\t\t\t<div class=\"elementor-widget-wrap elementor-element-populated\">\n\t\t\t\t\t\t<div class=\"elementor-element elementor-element-b93cc04 sec-lucru elementor-widget__width-initial elementor-widget elementor-widget-wd_title\" data-id=\"b93cc04\" data-element_type=\"widget\" data-e-type=\"widget\" data-widget_type=\"wd_title.default\">\n\t\t\t\t<div class=\"elementor-widget-container\">\n\t\t\t\t\t\t\t\t<link rel=\"stylesheet\" id=\"wd-section-title-css\" href=\"https:\/\/krysha.md\/wp-content\/themes\/Krysha\/css\/parts\/el-section-title.min.css?ver=1.2.4\" type=\"text\/css\" media=\"all\" \/> \t\t\t\t\t<div class=\"title-wrapper set-mb-s reset-last-child wd-title-color-default wd-title-style-default wd-title-size-default text-center\">\n\n\t\t\t\n\t\t\t<div class=\"liner-continer\">\n\t\t\t\t<h4 class=\"woodmart-title-container title wd-fontsize-l\">\u0421\u0442\u043e\u0438\u043c\u043e\u0441\u0442\u044c \u043a\u0440\u043e\u0432\u0435\u043b\u044c\u043d\u044b\u0445 \u043c\u0430\u0442\u0435\u0440\u0438\u0430\u043b\u043e\u0432 \u0432 2026 \u0433\u043e\u0434\u0443<\/h4> \n\t\t\t\t\t\t\t<\/div>\n\n\t\t\t\t\t<\/div>\n\t\t\t\t\t\t<\/div>\n\t\t\t\t<\/div>\n\t\t\t\t<div class=\"elementor-element elementor-element-e4d5c6f program elementor-widget elementor-widget-html\" data-id=\"e4d5c6f\" data-element_type=\"widget\" data-e-type=\"widget\" data-widget_type=\"html.default\">\n\t\t\t\t<div class=\"elementor-widget-container\">\n\t\t\t\t\t<table class=\"price-table\">\r\n   <thead>\r\n      <tr>\r\n         <th>\u041d\u0430\u0437\u0432\u0430\u043d\u0438\u0435<\/th>\r\n         <th>\u0415\u0434\u0438\u043d\u0438\u0446\u0430 \u0438\u0437\u043c\u0435\u0440\u0435\u043d\u0438\u044f<\/th>\r\n         <th>\u0426\u0435\u043d\u0430<\/th>\r\n      <\/tr>\r\n   <\/thead>\r\n   <tbody>\r\n       <tr>\r\n         <td>\u041c\u0435\u0442\u0430\u043b\u043b\u0438\u0447\u0435\u0441\u043a\u0430\u044f \u0447\u0435\u0440\u0435\u043f\u0438\u0446\u0430 \u041a\u043e\u0440\u0435\u044f<\/td>\r\n         <td>\u043c<sup>2<\/sup><\/td>\r\n         <td>130+ \u043b\u0435\u0439<\/td>\r\n      <\/tr>\r\n      <tr>\r\n         <td>\u041c\u0435\u0442\u0430\u043b\u043b\u0438\u0447\u0435\u0441\u043a\u0430\u044f \u0447\u0435\u0440\u0435\u043f\u0438\u0446\u0430 \u041a\u043e\u0440\u0435\u044f V-Matt 0.45 \u043c\u043c<\/td>\r\n         <td>\u043c<sup>2<\/sup><\/td>\r\n         <td>145+ \u043b\u0435\u0439<\/td>\r\n      <\/tr>\r\n      <tr>\r\n         <td>\u041c\u0435\u0442\u0430\u043b\u043b\u0438\u0447\u0435\u0441\u043a\u0430\u044f \u0447\u0435\u0440\u0435\u043f\u0438\u0446\u0430 \u0418\u0442\u0430\u043b\u0438\u044f 0.45 \u043c\u043c<\/td>\r\n         <td>\u043c<sup>2<\/sup><\/td>\r\n         <td>145+ \u043b\u0435\u0439<\/td>\r\n      <\/tr>\r\n      <tr>\r\n         <td>\u041c\u0435\u0442\u0430\u043b\u043b\u0438\u0447\u0435\u0441\u043a\u0430\u044f \u0447\u0435\u0440\u0435\u043f\u0438\u0446\u0430 \u0418\u0442\u0430\u043b\u0438\u044f 0.5 \u043c\u043c<\/td>\r\n         <td>\u043c<sup>2<\/sup><\/td>\r\n         <td>165+ \u043b\u0435\u0439<\/td>\r\n      <\/tr>\r\n      <tr>\r\n         <td>\u041c\u0435\u0442\u0430\u043b\u043b\u0438\u0447\u0435\u0441\u043a\u0430\u044f \u0447\u0435\u0440\u0435\u043f\u0438\u0446\u0430 \u0428\u0432\u0435\u0446\u0438\u044f 0.5 \u043c\u043c<\/td>\r\n         <td>\u043c<sup>2<\/sup><\/td>\r\n         <td>239 \u043b\u0435\u0439<\/td>\r\n      <\/tr>\r\n      <tr>\r\n         <td>\u0411\u0438\u0442\u0443\u043c\u043d\u0430\u044f \u0447\u0435\u0440\u0435\u043f\u0438\u0446\u0430<\/td>\r\n         <td>\u043c<sup>2<\/sup><\/td>\r\n         <td>170 \u043b\u0435\u0439<\/td>\r\n      <\/tr>\r\n      <tr>\r\n         <td>\u041f\u043b\u0435\u043d\u043a\u0430 SuperDifusion<\/td>\r\n         <td>\u043c<sup>2<\/sup><\/td>\r\n         <td>13 \u043b\u0435\u0439<\/td>\r\n      <\/tr>\r\n      <tr>\r\n         <td>\u041a\u0430\u0440\u043d\u0438\u0437\u043d\u044b\u0439 \u0444\u0430\u0440\u0442\u0443\u043a<\/td>\r\n         <td>\u043c<\/td>\r\n         <td>75 \u043b\u0435\u0439<\/td>\r\n      <\/tr>\r\n      <tr>\r\n         <td>\u0412\u0435\u0442\u0440\u043e\u0432\u0430\u044f \u043f\u043b\u0430\u043d\u043a\u0430<\/td>\r\n         <td>\u043c<\/td>\r\n         <td>110 \u043b\u0435\u0439<\/td>\r\n      <\/tr>\r\n      <tr>\r\n         <td>\u041a\u043e\u043d\u0435\u043a \u043f\u043e\u043b\u0443\u043a\u0440\u0443\u0433\u043b\u044b\u0439<\/td>\r\n         <td>\u043c<\/td>\r\n         <td>140 \u043b\u0435\u0439<\/td>\r\n      <\/tr>\r\n      <tr>\r\n         <td>\u0415\u043d\u0434\u043e\u0432\u0430<\/td>\r\n         <td>\u043c<\/td>\r\n         <td>190 \u043b\u0435\u0439<\/td>\r\n      <\/tr>\r\n      <tr>\r\n         <td>\u041f\u043e\u043b\u0443\u043a\u0440\u0443\u0433\u043b\u044b\u0439 \u0436\u0451\u043b\u043e\u0431 (3000 \u043c\u043c)<\/td>\r\n         <td>\u0448\u0442.<\/td>\r\n         <td>350 \u043b\u0435\u0439<\/td>\r\n      <\/tr>\r\n      <tr>\r\n         <td>\u0423\u0433\u043e\u043b \u0436\u0451\u043b\u043e\u0431\u0430 \u0432\u043d\u0435\u0448\u043d\u0438\u0439\/\u0432\u043d\u0443\u0442\u0440\u0435\u043d\u043d\u0438\u0439<\/td>\r\n         <td>\u0448\u0442.<\/td>\r\n         <td>350 \u043b\u0435\u0439<\/td>\r\n      <\/tr>\r\n      <tr>\r\n         <td>\u0421\u043e\u0435\u0434\u0438\u043d\u0438\u0442\u0435\u043b\u044c \u0436\u0451\u043b\u043e\u0431\u0430 \u0432\u043e\u0434\u043e\u0441\u0442\u043e\u0447\u043d\u043e\u0439 \u0442\u0440\u0443\u0431\u044b<\/td>\r\n         <td>\u0448\u0442.<\/td>\r\n         <td>130 \u043b\u0435\u0439<\/td>\r\n      <\/tr>\r\n      <tr>\r\n         <td>\u0423\u0434\u043b\u0438\u043d\u0438\u0442\u0435\u043b\u044c \u0432\u043e\u0434\u043e\u0441\u0442\u043e\u0447\u043d\u043e\u0439 \u0442\u0440\u0443\u0431\u044b<\/td>\r\n         <td>\u0448\u0442.<\/td>\r\n         <td>134 \u043b\u0435\u0439<\/td>\r\n      <\/tr>\r\n      <tr>\r\n         <td>\u0423\u0433\u043b\u043e\u0432\u0430\u044f \u0432\u043e\u0434\u043e\u0441\u0442\u043e\u0447\u043d\u0430\u044f \u0442\u0440\u0443\u0431\u0430<\/td>\r\n         <td>\u0448\u0442.<\/td>\r\n         <td>177 \u043b\u0435\u0439<\/td>\r\n      <\/tr>\r\n      <tr>\r\n         <td>\u041a\u0440\u044e\u0447\u043e\u043a \u0436\u0451\u043b\u043e\u0431\u0430<\/td>\r\n         <td>\u0448\u0442.<\/td>\r\n         <td>84 \u043b\u0435\u0439<\/td>\r\n      <\/tr>\r\n      <tr>\r\n         <td>\u0410\u0441\u0441\u043e\u0440\u0442\u0438\u043c\u0435\u043d\u0442 \u0434\u0440\u0435\u0432\u0435\u0441\u0438\u043d\u044b<\/td>\r\n         <td>\u043c<sup>3<\/sup><\/td>\r\n         <td>5400+ \u043b\u0435\u0439<\/td>\r\n      <\/tr>\r\n      <tr>\r\n         <td>\u0416\u0451\u043b\u043e\u0431 AquaSistem<\/td>\r\n         <td>\u043c<\/td>\r\n         <td>190 \u043b\u0435\u0439<\/td>\r\n      <\/tr>\r\n      <tr>\r\n         <td>\u041d\u0430\u0442\u044f\u0436\u0438\u0442\u0435\u043b\u044c<\/td>\r\n         <td>\u0448\u0442.<\/td>\r\n         <td>30 \u043b\u0435\u0439<\/td>\r\n      <\/tr>\r\n      <tr>\r\n         <td>\u041c\u0435\u0442\u0430\u043b\u043b\u0438\u0447\u0435\u0441\u043a\u0438\u0439 \u0431\u043e\u043b\u0442<\/td>\r\n         <td>\u0448\u0442.<\/td>\r\n         <td>0.9 \u043b\u0435\u0439<\/td>\r\n      <\/tr>\r\n      <tr>\r\n         <td>\u0420\u0430\u0441\u0445\u043e\u0434\u043d\u044b\u0435 \u043c\u0430\u0442\u0435\u0440\u0438\u0430\u043b\u044b \u0438 \u043a\u0440\u0435\u043f\u0435\u0436\u043d\u044b\u0435 \u044d\u043b\u0435\u043c\u0435\u043d\u0442\u044b<\/td>\r\n         <td>\u0448\u0442.<\/td>\r\n         <td>7000+ \u043b\u0435\u0439<\/td>\r\n      <\/tr>\r\n      <tr>\r\n         <td>\u041c\u043e\u043d\u0442\u0430\u0436 \u043a\u0440\u044b\u0448\u0438 <\/td>\r\n         <td>\u043c<sup>2<\/sup><\/td>\r\n         <td>290 \u043b\u0435\u0439<\/td>\r\n      <\/tr>\r\n      <tr>\r\n         <td>\u0414\u0435\u043c\u043e\u043d\u0442\u0430\u0436 \u043a\u0440\u044b\u0448\u0438<\/td>\r\n         <td>\u0448\u0442.<\/td>\r\n         <td>\u0411\u0435\u0441\u043f\u043b\u0430\u0442\u043d\u043e<\/td>\r\n      <\/tr>\r\n      <tr>\r\n         <td>\u041f\u0440\u043e\u0435\u043a\u0442\u0438\u0440\u043e\u0432\u0430\u043d\u0438\u0435 \u043a\u0440\u044b\u0448\u0438<\/td>\r\n         <td>\u0448\u0442.<\/td>\r\n         <td>\u0411\u0435\u0441\u043f\u043b\u0430\u0442\u043d\u043e<\/td>\r\n      <\/tr>\r\n      <tr>\r\n         <td>\u041b\u0438\u0441\u0442\u043e\u0432\u043e\u0439 \u043c\u0435\u0442\u0430\u043b\u043b \u0438\u043c\u0438\u0442\u0430\u0446\u0438\u044f \u0434\u0440\u0435\u0432\u0435\u0441\u0438\u043d\u044b (\u041f\u043e\u0434\u0448\u0438\u0432\u043a\u0430)<\/td>\r\n         <td>\u043c<sup>2<\/sup><\/td>\r\n         <td>160 \u043b\u0435\u0439<\/td>\r\n      <\/tr>\r\n            <tr>\r\n         <td>\u0413\u043e\u0444\u0440\u0438\u0440\u043e\u0432\u0430\u043d\u043d\u044b\u0439 \u043b\u0438\u0441\u0442 \u0437\u0430\u0431\u043e\u0440 0,4 \u043c\u043c<\/td>\r\n         <td>\u043c<sup>2<\/sup><\/td>\r\n         <td>95 \u043b\u0435\u0439<\/td>\r\n      <\/tr>\r\n                  <tr>\r\n         <td>\u0413\u043e\u0444\u0440\u0438\u0440\u043e\u0432\u0430\u043d\u043d\u044b\u0439 \u043b\u0438\u0441\u0442 \u0437\u0430\u0431\u043e\u0440 0,3 \u043c\u043c<\/td>\r\n         <td>\u043c<sup>2<\/sup><\/td>\r\n         <td>90 \u043b\u0435\u0439<\/td>\r\n      <\/tr>\r\n   <\/tbody>\r\n<\/table>\t\t\t\t<\/div>\n\t\t\t\t<\/div>\n\t\t\t\t\t<\/div>\n\t\t<\/div>\n\t\t\t\t\t<\/div>\n\t\t<\/section>\n\t\t\t\t<section class=\"elementor-section elementor-inner-section elementor-element elementor-element-f5f558c elementor-section-boxed elementor-section-height-default elementor-section-height-default wd-section-disabled\" data-id=\"f5f558c\" data-element_type=\"section\" data-e-type=\"section\">\n\t\t\t\t\t\t<div class=\"elementor-container elementor-column-gap-default\">\n\t\t\t\t\t<div class=\"elementor-column elementor-col-100 elementor-inner-column elementor-element elementor-element-163bbef\" data-id=\"163bbef\" data-element_type=\"column\" data-e-type=\"column\">\n\t\t\t<div class=\"elementor-widget-wrap elementor-element-populated\">\n\t\t\t\t\t\t<div class=\"elementor-element elementor-element-91d0eea elementor-widget__width-initial elementor-widget elementor-widget-wd_contact_form_7\" data-id=\"91d0eea\" data-element_type=\"widget\" data-e-type=\"widget\" id=\"inline\" data-widget_type=\"wd_contact_form_7.default\">\n\t\t\t\t<div class=\"elementor-widget-container\">\n\t\t\t\t\t\n<div class=\"wpcf7 no-js\" id=\"wpcf7-f15659-o1\" lang=\"ro-RO\" dir=\"ltr\" data-wpcf7-id=\"15659\">\n<div class=\"screen-reader-response\"><p role=\"status\" aria-live=\"polite\" aria-atomic=\"true\"><\/p> <ul><\/ul><\/div>\n<form action=\"\/ru\/wp-json\/wp\/v2\/pages\/7682#wpcf7-f15659-o1\" method=\"post\" class=\"wpcf7-form init\" aria-label=\"Formular de contact\" novalidate=\"novalidate\" data-status=\"init\" data-trp-original-action=\"\/ru\/wp-json\/wp\/v2\/pages\/7682#wpcf7-f15659-o1\">\n<fieldset class=\"hidden-fields-container\"><input type=\"hidden\" name=\"_wpcf7\" value=\"15659\" \/><input type=\"hidden\" name=\"_wpcf7_version\" value=\"6.1.5\" \/><input type=\"hidden\" name=\"_wpcf7_locale\" value=\"ro_RO\" \/><input type=\"hidden\" name=\"_wpcf7_unit_tag\" value=\"wpcf7-f15659-o1\" \/><input type=\"hidden\" name=\"_wpcf7_container_post\" value=\"0\" \/><input type=\"hidden\" name=\"_wpcf7_posted_data_hash\" value=\"\" \/><input type=\"hidden\" name=\"_wpcf7_recaptcha_response\" value=\"\" \/>\n<\/fieldset>\n<div class=\"cf7-row\">\n\t<p><span class=\"wpcf7-form-control-wrap\" data-name=\"your-name\"><input size=\"40\" maxlength=\"400\" class=\"wpcf7-form-control wpcf7-text wpcf7-validates-as-required\" autocomplete=\"name\" aria-required=\"true\" aria-invalid=\"false\" placeholder=\"\u0418\u043c\u044f \u0424\u0430\u043c\u0438\u043b\u0438\u044f\" value=\"\" type=\"text\" name=\"your-name\" \/><\/span>\n\t<\/p>\n\t<p><span class=\"wpcf7-form-control-wrap\" data-name=\"your-tel\"><input size=\"40\" maxlength=\"400\" class=\"wpcf7-form-control wpcf7-tel wpcf7-validates-as-required wpcf7-text wpcf7-validates-as-tel\" autocomplete=\"tel\" aria-required=\"true\" aria-invalid=\"false\" placeholder=\"+373 xx xxxxxxxx\" value=\"\" type=\"tel\" name=\"your-tel\" \/><\/span>\n\t<\/p>\n\n\t<div class=\"buton-contact\">\n\t\t<p><input class=\"wpcf7-form-control wpcf7-submit has-spinner\" type=\"submit\" value=\"\u041e\u0442\u043f\u0440\u0430\u0432\u0438\u0442\u044c\" \/>\n\t\t<\/p>\n\t<\/div>\n<\/div>\n<p><span class=\"wpcf7-form-control-wrap\" data-name=\"your-agree\"><span class=\"wpcf7-form-control wpcf7-checkbox wpcf7-validates-as-required\"><span class=\"wpcf7-list-item first last\"><label><input type=\"checkbox\" name=\"your-agree[]\" value=\"Sunt de acord cu Politica de confiden\u021bialitate \u0219i cu prelucrarea datelor \u00een scopul contact\u0103rii mele.\" \/><span class=\"wpcf7-list-item-label\">\u042f \u0441\u043e\u0433\u043b\u0430\u0441\u0435\u043d \u0441 \u041f\u043e\u043b\u0438\u0442\u0438\u043a\u043e\u0439 \u043a\u043e\u043d\u0444\u0438\u0434\u0435\u043d\u0446\u0438\u0430\u043b\u044c\u043d\u043e\u0441\u0442\u0438 \u0438 \u043d\u0430 \u043e\u0431\u0440\u0430\u0431\u043e\u0442\u043a\u0443 \u0434\u0430\u043d\u043d\u044b\u0445 \u0441 \u0446\u0435\u043b\u044c\u044e \u0441\u0432\u044f\u0437\u0438 \u0441\u043e \u043c\u043d\u043e\u0439.<\/span><\/label><\/span><\/span><\/span>\n<\/p><div class=\"wpcf7-response-output\" aria-hidden=\"true\"><\/div>\n<input type=\"hidden\" name=\"trp-form-language\" value=\"ru\"\/><\/form>\n<\/div>\n\t\t\t\t<\/div>\n\t\t\t\t<\/div>\n\t\t\t\t<div class=\"elementor-element elementor-element-e59ace4 elementor-widget__width-initial elementor-widget elementor-widget-spacer\" data-id=\"e59ace4\" data-element_type=\"widget\" data-e-type=\"widget\" data-widget_type=\"spacer.default\">\n\t\t\t\t<div class=\"elementor-widget-container\">\n\t\t\t\t\t\t\t<div class=\"elementor-spacer\">\n\t\t\t<div class=\"elementor-spacer-inner\"><\/div>\n\t\t<\/div>\n\t\t\t\t\t\t<\/div>\n\t\t\t\t<\/div>\n\t\t\t\t<div class=\"elementor-element elementor-element-efdebce elementor-widget elementor-widget-wd_title\" data-id=\"efdebce\" data-element_type=\"widget\" data-e-type=\"widget\" data-widget_type=\"wd_title.default\">\n\t\t\t\t<div class=\"elementor-widget-container\">\n\t\t\t\t\t\t\t\t<link rel=\"stylesheet\" id=\"wd-section-title-style-under-and-over-css\" href=\"https:\/\/krysha.md\/wp-content\/themes\/Krysha\/css\/parts\/el-section-title-style-under-and-over.min.css?ver=1.2.4\" type=\"text\/css\" media=\"all\" \/> \t\t\t\t\t<div class=\"title-wrapper set-mb-s reset-last-child wd-title-color-primary wd-title-style-underlined wd-title-size-medium text-center\">\n\n\t\t\t\n\t\t\t<div class=\"liner-continer\">\n\t\t\t\t<h4 class=\"woodmart-title-container title wd-fontsize-xl\">\u0426\u0435\u043d\u044b \u0434\u043e\u0433\u043e\u0432\u043e\u0440\u043d\u044b\u0435, \u0437\u0430 \u043f\u043e\u0434\u0440\u043e\u0431\u043d\u043e\u0441\u0442\u044f\u043c\u0438 \u043e\u0431\u0440\u0430\u0449\u0430\u0439\u0442\u0435\u0441\u044c \u043a \u043d\u0430\u0448\u0438\u043c \u043c\u0435\u043d\u0435\u0434\u0436\u0435\u0440\u0430\u043c.<\/h4> \n\t\t\t\t\t\t\t<\/div>\n\n\t\t\t\t\t<\/div>\n\t\t\t\t\t\t<\/div>\n\t\t\t\t<\/div>\n\t\t\t\t<div class=\"elementor-element elementor-element-0a076b6 elementor-widget elementor-widget-spacer\" data-id=\"0a076b6\" data-element_type=\"widget\" data-e-type=\"widget\" data-widget_type=\"spacer.default\">\n\t\t\t\t<div class=\"elementor-widget-container\">\n\t\t\t\t\t\t\t<div class=\"elementor-spacer\">\n\t\t\t<div class=\"elementor-spacer-inner\"><\/div>\n\t\t<\/div>\n\t\t\t\t\t\t<\/div>\n\t\t\t\t<\/div>\n\t\t\t\t<div class=\"elementor-element elementor-element-8118fa8 elementor-widget elementor-widget-wd_button\" data-id=\"8118fa8\" data-element_type=\"widget\" data-e-type=\"widget\" data-widget_type=\"wd_button.default\">\n\t\t\t\t<div class=\"elementor-widget-container\">\n\t\t\t\t\t\t\t<div class=\"wd-button-wrapper text-center\" >\n\t\t\t<a class=\"btn btn-style-bordered btn-style-semi-round btn-size-extra-large btn-color-primary btn-icon-pos-left\"  href=\"tel:+37360687027\">\n\t\t\t\t<span class=\"wd-btn-text\" data-elementor-setting-key=\"text\">\n\t\t\t\t\t\u0417\u0412\u041e\u041d\u0418\u0422\u0415 \u0421\u0415\u0419\u0427\u0410\u0421\t\t\t\t<\/span>\n\n\t\t\t\t\t\t\t<\/a>\n\t\t<\/div>\n\t\t\t\t\t\t<\/div>\n\t\t\t\t<\/div>\n\t\t\t\t\t<\/div>\n\t\t<\/div>\n\t\t\t\t\t<\/div>\n\t\t<\/section>\n\t\t\t\t\t<\/div>\n\t\t<\/div>\n\t\t\t\t\t<\/div>\n\t\t<\/section>\n\t\t\t\t<\/div>","protected":false},"excerpt":{"rendered":"<p>Costul materialelor pentru acoperi\u0219uri \u00een 2026 Denumire Unitate de m\u0103sur\u0103 Pre\u021b Tigla Metalica Coreea m2 130&#038;#43 Lei Tigla Metalica Coreea<\/p>","protected":false},"author":6,"featured_media":0,"parent":0,"menu_order":0,"comment_status":"closed","ping_status":"closed","template":"","meta":{"footnotes":""},"class_list":["post-7682","page","type-page","status-publish","hentry"],"_links":{"self":[{"href":"https:\/\/krysha.md\/ru\/wp-json\/wp\/v2\/pages\/7682","targetHints":{"allow":["GET"]}}],"collection":[{"href":"https:\/\/krysha.md\/ru\/wp-json\/wp\/v2\/pages"}],"about":[{"href":"https:\/\/krysha.md\/ru\/wp-json\/wp\/v2\/types\/page"}],"author":[{"embeddable":true,"href":"https:\/\/krysha.md\/ru\/wp-json\/wp\/v2\/users\/6"}],"replies":[{"embeddable":true,"href":"https:\/\/krysha.md\/ru\/wp-json\/wp\/v2\/comments?post=7682"}],"version-history":[{"count":3,"href":"https:\/\/krysha.md\/ru\/wp-json\/wp\/v2\/pages\/7682\/revisions"}],"predecessor-version":[{"id":16065,"href":"https:\/\/krysha.md\/ru\/wp-json\/wp\/v2\/pages\/7682\/revisions\/16065"}],"wp:attachment":[{"href":"https:\/\/krysha.md\/ru\/wp-json\/wp\/v2\/media?parent=7682"}],"curies":[{"name":"wp","href":"https:\/\/api.w.org\/{rel}","templated":true}]}}