{"id":15545,"date":"2025-09-27T12:33:02","date_gmt":"2025-09-27T12:33:02","guid":{"rendered":"https:\/\/krysha.md\/?page_id=15545"},"modified":"2025-09-27T12:42:19","modified_gmt":"2025-09-27T12:42:19","slug":"termeni-si-conditii","status":"publish","type":"page","link":"https:\/\/krysha.md\/ru\/termeni-si-conditii\/","title":{"rendered":"\u041f\u0440\u0430\u0432\u0438\u043b\u0430 \u0438 \u0443\u0441\u043b\u043e\u0432\u0438\u044f"},"content":{"rendered":"<div data-elementor-type=\"wp-page\" data-elementor-id=\"15545\" class=\"elementor elementor-15545\" data-elementor-post-type=\"page\">\n\t\t\t\t\t\t<section class=\"elementor-section elementor-top-section elementor-element elementor-element-700667e elementor-section-boxed elementor-section-height-default elementor-section-height-default wd-section-disabled\" data-id=\"700667e\" data-element_type=\"section\" data-e-type=\"section\">\n\t\t\t\t\t\t<div class=\"elementor-container elementor-column-gap-default\">\n\t\t\t\t\t<div class=\"elementor-column elementor-col-100 elementor-top-column elementor-element elementor-element-2d3bd0d\" data-id=\"2d3bd0d\" data-element_type=\"column\" data-e-type=\"column\">\n\t\t\t<div class=\"elementor-widget-wrap elementor-element-populated\">\n\t\t\t\t\t\t<div class=\"elementor-element elementor-element-62306511 color-scheme-inherit text-left elementor-widget elementor-widget-text-editor\" data-id=\"62306511\" data-element_type=\"widget\" data-e-type=\"widget\" data-widget_type=\"text-editor.default\">\n\t\t\t\t<div class=\"elementor-widget-container\">\n\t\t\t\t\t\t\t\t\t\n<p>Aceste Termene reglementeaz\u0103 accesul \u0219i utilizarea de c\u0103tre dumneavoastr\u0103 a tuturor con\u021binuturilor, Produselor \u0219i Serviciilor disponibile pe site-ul https:\/\/krysha.md (\u201eServiciul\u201d) operat de S.R.L. MIV INVEST COMPANY, care opereaz\u0103 sub denumirea \u201eKRYSHA.MD\u201d (\u201enoi\u201d, \u201ene\u201d sau \u201eal nostru\u201d).<\/p>\n\n<p>Accesul dumneavoastr\u0103 la serviciile noastre este supus accept\u0103rii, f\u0103r\u0103 modific\u0103ri, a tuturor termenilor \u0219i condi\u021biilor con\u021binute aici \u0219i a tuturor celorlalte reguli de operare \u0219i politici publicate \u0219i care pot fi publicate din c\u00e2nd \u00een c\u00e2nd de c\u0103tre noi.<\/p>\n\n<p>V\u0103 rug\u0103m s\u0103 citi\u021bi cu aten\u021bie Acordul \u00eenainte de a accesa sau utiliza Serviciile noastre. Prin accesarea sau utilizarea oric\u0103rei p\u0103r\u021bi a Serviciilor noastre, sunte\u021bi de acord s\u0103 respecta\u021bi ace\u0219ti Termene. Dac\u0103 nu sunte\u021bi de acord cu vreo parte a termenilor Acordului, atunci nu pute\u021bi accesa sau utiliza Serviciile noastre.<\/p>\n\n<h3 class=\"wp-block-heading\">Proprietate Intelectual\u0103<\/h3>\n\n<p>Acordul nu transfer\u0103 de la noi c\u0103tre dumneavoastr\u0103 nicio proprietate intelectual\u0103 a noastr\u0103 sau a ter\u021bilor, iar toate drepturile, titlurile \u0219i interesele asupra \u0219i \u00een leg\u0103tur\u0103 cu aceast\u0103 proprietate vor r\u0103m\u00e2ne (\u00eentre p\u0103r\u021bi) doar la S.R.L. MIV INVEST COMPANY, care opereaz\u0103 sub denumirea \u201eKRYSHA.MD\u201d \u0219i la licen\u021biatorii s\u0103i.<\/p>\n\n<h3 class=\"wp-block-heading\">Servicii Ter\u021be<\/h3>\n\n<p>\u00cen utilizarea Serviciilor, este posibil s\u0103 utiliza\u021bi servicii, produse, software, \u00eencorpor\u0103ri sau aplica\u021bii dezvoltate de ter\u021bi (\u201eServicii Ter\u021be\u201d).<\/p>\n\n<p>Dac\u0103 utiliza\u021bi orice servicii ter\u021be, \u00een\u021belege\u021bi c\u0103:<\/p>\n\n<ul class=\"wp-block-list\">\n<li>Orice utilizare a unui serviciu ter\u021b este pe propriul risc, iar noi nu vom fi responsabili sau r\u0103spunz\u0103tori fa\u021b\u0103 de nimeni pentru site-urile sau serviciile ter\u021bilor.<\/li>\n<li>Recunoa\u0219te\u021bi \u0219i sunte\u021bi de acord c\u0103 nu vom fi responsabili sau r\u0103spunz\u0103tori pentru orice daune sau pierderi cauzate sau presupuse a fi cauzate de sau \u00een leg\u0103tur\u0103 cu utilizarea oric\u0103rui astfel de con\u021binut, bunuri sau servicii disponibile pe sau prin intermediul unor astfel de site-uri sau servicii.<\/li>\n<\/ul>\n\n<h3 class=\"wp-block-heading\">Conturi<\/h3>\n\n<p>Acolo unde utilizarea oric\u0103rei p\u0103r\u021bi a Serviciilor noastre necesit\u0103 un cont, sunte\u021bi de acord s\u0103 ne furniza\u021bi informa\u021bii complete \u0219i corecte atunci c\u00e2nd v\u0103 \u00eenregistra\u021bi pentru un cont.<\/p>\n\n<p>Ve\u021bi fi singurul responsabil \u0219i r\u0103spunz\u0103tor pentru orice activitate care are loc sub contul dumneavoastr\u0103. Sunte\u021bi responsabil pentru men\u021binerea informa\u021biilor contului actualizate \u0219i pentru securizarea parolei dumneavoastr\u0103.<\/p>\n\n<p>Sunte\u021bi responsabil pentru men\u021binerea securit\u0103\u021bii contului pe care \u00eel utiliza\u021bi pentru a accesa Serviciul. Nu ve\u021bi partaja sau utiliza \u00een mod necorespunz\u0103tor datele de acces. Trebuie s\u0103 ne notifica\u021bi imediat despre orice utiliz\u0103ri neautorizate ale contului dumneavoastr\u0103 sau dac\u0103 deveni\u021bi con\u0219tient de orice alt\u0103 \u00eenc\u0103lcare a securit\u0103\u021bii.<\/p>\n\n<h3 class=\"wp-block-heading\">Linkuri c\u0103tre Alte Site-uri Web<\/h3>\n\n<p>Serviciul nostru poate con\u021bine linkuri c\u0103tre site-uri web sau servicii ter\u021be care nu sunt de\u021binute sau controlate de S.R.L. MIV INVEST COMPANY, care opereaz\u0103 sub denumirea \u201eKRYSHA.MD\u201d.<\/p>\n\n<p>S.R.L. MIV INVEST COMPANY, care opereaz\u0103 sub denumirea \u201eKRYSHA.MD\u201d, nu \u00ee\u0219i asum\u0103 responsabilitatea pentru con\u021binutul, politicile de confiden\u021bialitate sau practicile oric\u0103ror site-uri sau servicii ter\u021be. S.R.L. MIV INVEST COMPANY, care opereaz\u0103 sub denumirea \u201eKRYSHA.MD\u201d, nu va fi, de asemenea, responsabil sau r\u0103spunz\u0103tor, direct sau indirect, pentru orice daune sau pierderi cauzate sau presupuse a fi cauzate de sau \u00een leg\u0103tur\u0103 cu utilizarea sau \u00eencrederea \u00een orice astfel de con\u021binut, bunuri sau servicii disponibile pe sau prin intermediul unor astfel de site-uri sau servicii.<\/p>\n\n<p>V\u0103 sf\u0103tuim s\u0103 citi\u021bi termenii \u0219i condi\u021biile \u0219i politicile de confiden\u021bialitate ale oric\u0103ror site-uri web sau servicii ter\u021be pe care le vizita\u021bi.<\/p>\n\n<h3 class=\"wp-block-heading\">\u00cencetarea<\/h3>\n\n<p>Putem \u00eenceta sau suspenda accesul dumneavoastr\u0103 la toate sau orice parte a Serviciilor noastre \u00een orice moment, cu sau f\u0103r\u0103 motiv, cu sau f\u0103r\u0103 notificare, cu efect imediat.<\/p>\n\n<p>Dac\u0103 dori\u021bi s\u0103 \u00eenceta\u021bi Acordul sau contul dumneavoastr\u0103 S.R.L. MIV INVEST COMPANY, care opereaz\u0103 sub denumirea \u201eKRYSHA.MD\u201d, pute\u021bi pur \u0219i simplu s\u0103 \u00eenceta\u021bi utilizarea Serviciilor noastre.<\/p>\n\n<p>Toate prevederile Acordului care, prin natura lor, ar trebui s\u0103 supravie\u021buiasc\u0103 \u00eencet\u0103rii vor supravie\u021bui \u00eencet\u0103rii, inclusiv, f\u0103r\u0103 limitare, prevederile privind proprietatea, renun\u021b\u0103rile la garan\u021bii, desp\u0103gubirile \u0219i limit\u0103rile de r\u0103spundere.<\/p>\n\n<h3 class=\"wp-block-heading\">Renun\u021bare<\/h3>\n\n<p>Serviciile noastre sunt furnizate \u201eCA ATARE\u201d \u0219i \u201eDISPONIBILE\u201d. S.R.L. MIV INVEST COMPANY, care opereaz\u0103 sub denumirea \u201eKRYSHA.MD\u201d, \u0219i furnizorii \u0219i licen\u021biatorii s\u0103i renun\u021b\u0103 prin prezenta la toate garan\u021biile de orice fel, explicite sau implicite, inclusiv, f\u0103r\u0103 limitare, garan\u021biile de vandabilitate, potrivire pentru un anumit scop \u0219i ne\u00eenc\u0103lcare. Nici S.R.L. MIV INVEST COMPANY, care opereaz\u0103 sub denumirea \u201eKRYSHA.MD\u201d, nici furnizorii \u0219i licen\u021biatorii s\u0103i nu ofer\u0103 nicio garan\u021bie c\u0103 Serviciile noastre vor fi lipsite de erori sau c\u0103 accesul la acestea va fi continuu sau ne\u00eentrerupt.<\/p>\n\n<p>\u00cen\u021belege\u021bi c\u0103 desc\u0103rca\u021bi sau ob\u021bine\u021bi \u00een alt mod con\u021binut sau servicii prin intermediul Serviciilor noastre pe propria r\u0103spundere \u0219i discre\u021bie.<\/p>\n\n<h3 class=\"wp-block-heading\">Jurisdic\u021bie \u0219i Lege Aplicabil\u0103<\/h3>\n\n<p>Cu excep\u021bia cazului \u00een care orice lege aplicabil\u0103 prevede altfel, Acordul \u0219i orice acces la sau utilizare a Serviciilor noastre vor fi reglementate de legile din New York.<\/p>\n\n<p>Locul adecvat pentru orice dispute care apar din sau \u00een leg\u0103tur\u0103 cu Acordul \u0219i orice acces la sau utilizare a Serviciilor noastre vor fi instan\u021bele de stat \u0219i federale situate \u00een New York.<\/p>\n\n<h3 class=\"wp-block-heading\">Modific\u0103ri<\/h3>\n\n<p>S.R.L. MIV INVEST COMPANY, care opereaz\u0103 sub denumirea \u201eKRYSHA.MD\u201d, \u00ee\u0219i rezerv\u0103 dreptul, la propria discre\u021bie, de a modifica sau \u00eenlocui ace\u0219ti Termene \u00een orice moment.<\/p>\n\n<p>Dac\u0103 facem modific\u0103ri care sunt semnificative, v\u0103 vom informa prin postarea pe site-ul nostru sau prin trimiterea unui e-mail sau a unei alte comunic\u0103ri \u00eenainte ca modific\u0103rile s\u0103 intre \u00een vigoare. Notificarea va desemna o perioad\u0103 rezonabil\u0103 dup\u0103 care noii termeni vor intra \u00een vigoare.<\/p>\n\n<p>Vom \u00eencerca s\u0103 oferim cel pu\u021bin 30 de zile de notificare \u00eenainte de intrarea \u00een vigoare a modific\u0103rilor. Dac\u0103 nu sunte\u021bi de acord cu modific\u0103rile noastre, atunci ar trebui s\u0103 \u00eenceta\u021bi utilizarea Serviciilor noastre \u00een perioada de notificare desemnat\u0103 sau odat\u0103 ce modific\u0103rile devin efective.<\/p>\n\n<p>Utilizarea continu\u0103 a Serviciilor noastre va fi supus\u0103 noilor termeni.<\/p>\n\n<h3 class=\"wp-block-heading\">Contacta\u021bi-ne<\/h3>\n\n<p>Dac\u0103 ave\u021bi \u00eentreb\u0103ri despre ace\u0219ti Termeni de Utilizare, v\u0103 rug\u0103m s\u0103 ne contacta\u021bi la materialeacoperis.md@gmail.com.<\/p>\n<hr class=\"wp-block-separator\" \/>\n<p>Ultima actualizare: 27 septembrie 2025<\/p>\n\t\t\t\t\t\t\t\t<\/div>\n\t\t\t\t<\/div>\n\t\t\t\t\t<\/div>\n\t\t<\/div>\n\t\t\t\t\t<\/div>\n\t\t<\/section>\n\t\t\t\t<\/div>","protected":false},"excerpt":{"rendered":"<p>Aceste Termene reglementeaz\u0103 accesul \u0219i utilizarea de c\u0103tre dumneavoastr\u0103 a tuturor con\u021binuturilor, Produselor \u0219i Serviciilor disponibile pe site-ul https:\/\/krysha.md (\u201eServiciul\u201d)<\/p>","protected":false},"author":14,"featured_media":0,"parent":0,"menu_order":0,"comment_status":"closed","ping_status":"closed","template":"","meta":{"footnotes":""},"class_list":["post-15545","page","type-page","status-publish","hentry"],"_links":{"self":[{"href":"https:\/\/krysha.md\/ru\/wp-json\/wp\/v2\/pages\/15545","targetHints":{"allow":["GET"]}}],"collection":[{"href":"https:\/\/krysha.md\/ru\/wp-json\/wp\/v2\/pages"}],"about":[{"href":"https:\/\/krysha.md\/ru\/wp-json\/wp\/v2\/types\/page"}],"author":[{"embeddable":true,"href":"https:\/\/krysha.md\/ru\/wp-json\/wp\/v2\/users\/14"}],"replies":[{"embeddable":true,"href":"https:\/\/krysha.md\/ru\/wp-json\/wp\/v2\/comments?post=15545"}],"version-history":[{"count":0,"href":"https:\/\/krysha.md\/ru\/wp-json\/wp\/v2\/pages\/15545\/revisions"}],"wp:attachment":[{"href":"https:\/\/krysha.md\/ru\/wp-json\/wp\/v2\/media?parent=15545"}],"curies":[{"name":"wp","href":"https:\/\/api.w.org\/{rel}","templated":true}]}}