{"id":15533,"date":"2025-09-26T17:19:56","date_gmt":"2025-09-26T17:19:56","guid":{"rendered":"https:\/\/krysha.md\/?page_id=15533"},"modified":"2025-09-26T17:25:13","modified_gmt":"2025-09-26T17:25:13","slug":"politica-de-confidentialitate","status":"publish","type":"page","link":"https:\/\/krysha.md\/ru\/politica-de-confidentialitate\/","title":{"rendered":"\u041f\u043e\u043b\u0438\u0442\u0438\u043a\u0430 \u043a\u043e\u043d\u0444\u0438\u0434\u0435\u043d\u0446\u0438\u0430\u043b\u044c\u043d\u043e\u0441\u0442\u0438"},"content":{"rendered":"<div data-elementor-type=\"wp-page\" data-elementor-id=\"15533\" class=\"elementor elementor-15533\" data-elementor-post-type=\"page\">\n\t\t\t\t\t\t<section class=\"elementor-section elementor-top-section elementor-element elementor-element-4f3bc44b elementor-section-boxed elementor-section-height-default elementor-section-height-default wd-section-disabled\" data-id=\"4f3bc44b\" data-element_type=\"section\" data-e-type=\"section\">\n\t\t\t\t\t\t<div class=\"elementor-container elementor-column-gap-default\">\n\t\t\t\t\t<div class=\"elementor-column elementor-col-100 elementor-top-column elementor-element elementor-element-29d81403\" data-id=\"29d81403\" data-element_type=\"column\" data-e-type=\"column\">\n\t\t\t<div class=\"elementor-widget-wrap elementor-element-populated\">\n\t\t\t\t\t\t<div class=\"elementor-element elementor-element-63b82deb color-scheme-inherit text-left elementor-widget elementor-widget-text-editor\" data-id=\"63b82deb\" data-element_type=\"widget\" data-e-type=\"widget\" data-widget_type=\"text-editor.default\">\n\t\t\t\t<div class=\"elementor-widget-container\">\n\t\t\t\t\t\t\t\t\t<h1>Politica de Confiden\u021bialitate<\/h1>\n\n<p>Bun venit pe https:\/\/krysha.md (\u201eSite-ul\u201d). \u00cen\u021belegem c\u0103 confiden\u021bialitatea online este important\u0103 pentru utilizatorii Site-ului nostru, \u00een special atunci c\u00e2nd desf\u0103\u0219oar\u0103 activit\u0103\u021bi comerciale. Aceast\u0103 declara\u021bie reglementeaz\u0103 politicile noastre de confiden\u021bialitate cu privire la utilizatorii Site-ului (\u201eVizitatori\u201d) care viziteaz\u0103 f\u0103r\u0103 a efectua tranzac\u021bii comerciale \u0219i Vizitatorii care se \u00eenregistreaz\u0103 pentru a efectua tranzac\u021bii comerciale pe Site \u0219i utilizeaz\u0103 diferitele servicii oferite de S.R.L. MIV INVEST COMPANY, care opereaz\u0103 sub denumirea \u201eKRYSHA.MD\u201d (colectiv, \u201eServicii\u201d) (\u201eClien\u021bi Autoriza\u021bi\u201d).<\/p>\n\n\n\n<h3 class=\"wp-block-heading\">\u201eInforma\u021bii de Identificare Personal\u0103\u201d<\/h3>\n\n\n\n<p>Se refer\u0103 la orice informa\u021bie care poate fi utilizat\u0103 pentru a identifica, contacta sau localiza persoana c\u0103reia \u00eei apar\u021bin aceste informa\u021bii, incluz\u00e2nd, dar f\u0103r\u0103 a se limita la, nume, adres\u0103, num\u0103r de telefon, num\u0103r de fax, adres\u0103 de e-mail, profil financiar, num\u0103r de identificare fiscal\u0103 \u0219i informa\u021bii despre cardul de credit. Informa\u021biile de Identificare Personal\u0103 nu includ informa\u021biile colectate anonim (adic\u0103 f\u0103r\u0103 identificarea utilizatorului individual) sau informa\u021biile demografice neconectate la un individ identificat.<\/p>\n\n\n\n<h3 class=\"wp-block-heading\">Ce Informa\u021bii de Identificare Personal\u0103 sunt colectate?<\/h3>\n\n\n\n<p>Putem colecta informa\u021bii de baz\u0103 despre profilul utilizatorului de la to\u021bi Vizitatorii no\u0219tri. Colect\u0103m urm\u0103toarele informa\u021bii suplimentare de la Clien\u021bii no\u0219tri Autoriza\u021bi: nume, adres\u0103 de e-mail, num\u0103r de telefon, adres\u0103, informa\u021bii despre profilul de pe re\u021belele sociale.<\/p>\n\n\n\n<h3 class=\"wp-block-heading\">Ce organiza\u021bii colecteaz\u0103 informa\u021biile?<\/h3>\n\n\n\n<p>Pe l\u00e2ng\u0103 colectarea direct\u0103 a informa\u021biilor de c\u0103tre noi, furnizorii no\u0219tri de servicii ter\u021bi (cum ar fi companiile de carduri de credit, casele de compensare \u0219i b\u0103ncile) care pot oferi servicii precum credit, asigur\u0103ri \u0219i servicii de escrow pot colecta aceste informa\u021bii de la Vizitatorii \u0219i Clien\u021bii no\u0219tri Autoriza\u021bi. Nu control\u0103m modul \u00een care aceste ter\u021be p\u0103r\u021bi utilizeaz\u0103 astfel de informa\u021bii, dar le cerem s\u0103 dezv\u0103luie modul \u00een care folosesc informa\u021biile personale furnizate de Vizitatori \u0219i Clien\u021bi Autoriza\u021bi. Unele dintre aceste ter\u021be p\u0103r\u021bi pot fi intermediari care ac\u021bioneaz\u0103 doar ca leg\u0103turi \u00een lan\u021bul de distribu\u021bie \u0219i nu stocheaz\u0103, re\u021bin sau utilizeaz\u0103 informa\u021biile furnizate lor.<\/p>\n\n\n\n<h3 class=\"wp-block-heading\">Cum utilizeaz\u0103 Site-ul Informa\u021biile de Identificare Personal\u0103?<\/h3>\n\n\n\n<p>Folosim Informa\u021biile de Identificare Personal\u0103 pentru a personaliza Site-ul, pentru a face oferte de servicii corespunz\u0103toare \u0219i pentru a \u00eendeplini cererile de cump\u0103rare \u0219i v\u00e2nzare pe Site. Putem trimite e-mailuri Vizitatorilor \u0219i Clien\u021bilor Autoriza\u021bi despre oportunit\u0103\u021bi de cercetare sau de cump\u0103rare \u0219i v\u00e2nzare pe Site sau despre informa\u021bii legate de subiectul Site-ului. De asemenea, putem utiliza Informa\u021biile de Identificare Personal\u0103 pentru a contacta Vizitatorii \u0219i Clien\u021bii Autoriza\u021bi ca r\u0103spuns la \u00eentreb\u0103ri specifice sau pentru a furniza informa\u021biile solicitate.<\/p>\n\n\n\n<h3 class=\"wp-block-heading\">Cu cine pot fi partajate informa\u021biile?<\/h3>\n\n\n\n<p>Informa\u021biile de Identificare Personal\u0103 despre Clien\u021bii Autoriza\u021bi pot fi partajate cu al\u021bi Clien\u021bi Autoriza\u021bi care doresc s\u0103 evalueze posibile tranzac\u021bii cu al\u021bi Clien\u021bi Autoriza\u021bi. Putem partaja informa\u021bii agregate despre Vizitatorii no\u0219tri, inclusiv date demografice ale Vizitatorilor \u0219i Clien\u021bilor Autoriza\u021bi, cu agen\u021biile noastre afiliate \u0219i furnizorii ter\u021bi. De asemenea, oferim posibilitatea de a \u201erenun\u021ba\u201d la primirea de informa\u021bii sau la contactarea de c\u0103tre noi sau de c\u0103tre orice agen\u021bie care ac\u021bioneaz\u0103 \u00een numele nostru.<\/p>\n\n\n\n<h3 class=\"wp-block-heading\">Cum sunt stocate Informa\u021biile de Identificare Personal\u0103?<\/h3>\n\n\n\n<p>Informa\u021biile de Identificare Personal\u0103 colectate de S.R.L. MIV INVEST COMPANY, care opereaz\u0103 sub denumirea \u201eKRYSHA.MD\u201d, sunt stocate \u00een siguran\u021b\u0103 \u0219i nu sunt accesibile ter\u021bilor sau angaja\u021bilor S.R.L. MIV INVEST COMPANY, cu excep\u021bia utiliz\u0103rii indicate mai sus.<\/p>\n\n\n\n<h3 class=\"wp-block-heading\">Ce op\u021biuni au Vizitatorii \u00een ceea ce prive\u0219te colectarea, utilizarea \u0219i distribuirea informa\u021biilor?<\/h3>\n\n\n\n<p>Vizitatorii \u0219i Clien\u021bii Autoriza\u021bi pot renun\u021ba la primirea de informa\u021bii nesolicitate sau la contactarea de c\u0103tre noi \u0219i\/sau furnizorii \u0219i agen\u021biile noastre afiliate, r\u0103spunz\u00e2nd la e-mailuri conform instruc\u021biunilor sau contact\u00e2ndu-ne la <a href=\"mailto:materialeacoperis.md@gmail.com\">materialeacoperis.md@gmail.com<\/a>.<\/p>\n\n\n\n<h3 class=\"wp-block-heading\">Cookie-uri<\/h3>\n\n\n\n<p>Un cookie este un \u0219ir de informa\u021bii pe care un site web le stocheaz\u0103 pe computerul unui vizitator \u0219i pe care browserul vizitatorului le furnizeaz\u0103 site-ului web de fiecare dat\u0103 c\u00e2nd vizitatorul revine.<\/p>\n\n\n\n<p>Folosim \u201ecookie-uri\u201d pentru a colecta informa\u021bii. Pute\u021bi seta browserul s\u0103 refuze toate cookie-urile sau s\u0103 indice c\u00e2nd este trimis un cookie. Cu toate acestea, dac\u0103 nu accepta\u021bi cookie-urile, este posibil s\u0103 nu pute\u021bi utiliza anumite por\u021biuni ale Serviciului nostru.<\/p>\n\n\n\n<h3 class=\"wp-block-heading\">Sunt utilizate cookie-uri pe Site?<\/h3>\n\n\n\n<p>Cookie-urile sunt utilizate din diverse motive. Folosim cookie-uri pentru a ob\u021bine informa\u021bii despre preferin\u021bele Vizitatorilor no\u0219tri \u0219i despre serviciile pe care le selecteaz\u0103. De asemenea, folosim cookie-uri \u00een scopuri de securitate pentru a proteja Clien\u021bii no\u0219tri Autoriza\u021bi. De exemplu, dac\u0103 un Client Autorizat este conectat \u0219i site-ul este neutilizat timp de mai mult de 10 minute, vom deconecta automat Clientul Autorizat. Vizitatorii care nu doresc s\u0103 aib\u0103 cookie-uri plasate pe computerele lor ar trebui s\u0103 seteze browserele s\u0103 refuze cookie-urile \u00eenainte de a utiliza https:\/\/krysha.md, cu dezavantajul c\u0103 anumite func\u021bii ale site-ului web pot s\u0103 nu func\u021bioneze corect f\u0103r\u0103 ajutorul cookie-urilor.<\/p>\n\n\n\n<h3 class=\"wp-block-heading\">Cookie-uri utilizate de furnizorii no\u0219tri de servicii<\/h3>\n\n\n\n<p>Furnizorii no\u0219tri de servicii utilizeaz\u0103 cookie-uri, iar aceste cookie-uri pot fi stocate pe computerul dumneavoastr\u0103 atunci c\u00e2nd vizita\u021bi site-ul nostru web. Pute\u021bi g\u0103si mai multe detalii despre ce cookie-uri sunt utilizate pe pagina noastr\u0103 de informa\u021bii despre cookie-uri.<\/p>\n\n\n\n<h3 class=\"wp-block-heading\">Cum utilizeaz\u0103 S.R.L. MIV INVEST COMPANY informa\u021biile de conectare?<\/h3>\n\n\n\n<p>S.R.L. MIV INVEST COMPANY, care opereaz\u0103 sub denumirea \u201eKRYSHA.MD\u201d, utilizeaz\u0103 informa\u021biile de conectare, inclusiv, dar f\u0103r\u0103 a se limita la, adrese IP, furnizori de servicii de internet, tipuri de browsere, versiuni de browsere, pagini vizitate, data \u0219i ora vizitei, pentru a analiza tendin\u021bele, a administra Site-ul, a urm\u0103ri mi\u0219c\u0103rile \u0219i utilizarea unui utilizator \u0219i pentru a colecta informa\u021bii demografice generale.<\/p>\n\n\n\n<h3 class=\"wp-block-heading\">Ce parteneri sau furnizori de servicii au acces la Informa\u021biile de Identificare Personal\u0103 de la Vizitatori \u0219i\/sau Clien\u021bi Autoriza\u021bi pe Site?<\/h3>\n\n\n\n<p>S.R.L. MIV INVEST COMPANY, care opereaz\u0103 sub denumirea \u201eKRYSHA.MD\u201d, a intrat \u0219i va continua s\u0103 intre \u00een parteneriate \u0219i alte afilieri cu o serie de furnizori. Astfel de furnizori pot avea acces la anumite Informa\u021bii de Identificare Personal\u0103 pe baza necesit\u0103\u021bii de a evalua Clien\u021bii Autoriza\u021bi pentru eligibilitatea serviciilor. Politica noastr\u0103 de confiden\u021bialitate nu acoper\u0103 colectarea sau utilizarea acestor informa\u021bii de c\u0103tre ace\u0219tia.<\/p>\n\n\n\n<h3 class=\"wp-block-heading\">Cum p\u0103streaz\u0103 Site-ul Informa\u021biile de Identificare Personal\u0103 \u00een siguran\u021b\u0103?<\/h3>\n\n\n\n<p>To\u021bi angaja\u021bii no\u0219tri sunt familiariza\u021bi cu politica \u0219i practicile noastre de securitate. Informa\u021biile de Identificare Personal\u0103 ale Vizitatorilor \u0219i Clien\u021bilor no\u0219tri Autoriza\u021bi sunt accesibile doar unui num\u0103r limitat de angaja\u021bi califica\u021bi care primesc o parol\u0103 pentru a accesa informa\u021biile. Audit\u0103m sistemele \u0219i procesele noastre de securitate \u00een mod regulat. Informa\u021biile sensibile, cum ar fi numerele de carduri de credit sau numerele de identificare fiscal\u0103, sunt protejate prin protocoale de criptare, puse \u00een aplicare pentru a proteja informa\u021biile trimise prin internet. De\u0219i lu\u0103m m\u0103suri comerciale rezonabile pentru a men\u021bine un site securizat, comunica\u021biile electronice \u0219i bazele de date sunt supuse erorilor, manipul\u0103rilor \u0219i acces\u0103rilor neautorizate, \u0219i nu putem garanta sau asigura c\u0103 astfel de evenimente nu vor avea loc \u0219i nu vom fi r\u0103spunz\u0103tori fa\u021b\u0103 de Vizitatori sau Clien\u021bi Autoriza\u021bi pentru astfel de ocuren\u021be.<\/p>\n\n\n\n<h3 class=\"wp-block-heading\">Cum pot Vizitatorii corecta orice inexactit\u0103\u021bi \u00een Informa\u021biile de Identificare Personal\u0103?<\/h3>\n\n\n\n<p>Vizitatorii \u0219i Clien\u021bii Autoriza\u021bi ne pot contacta pentru a actualiza Informa\u021biile lor de Identificare Personal\u0103 la <a href=\"mailto:materialeacoperis.md@gmail.com\">materialeacoperis.md@gmail.com<\/a>.<\/p>\n\n\n\n<h3 class=\"wp-block-heading\">Poate un Vizitator \u0219terge sau dezactiva Informa\u021biile de Identificare Personal\u0103 colectate de Site?<\/h3>\n\n\n\n<p>Oferim Vizitatorilor \u0219i Clien\u021bilor Autoriza\u021bi un mecanism pentru a \u0219terge\/dezactiva Informa\u021biile de Identificare Personal\u0103 din baza de date a Site-ului prin contactarea acestora. Cu toate acestea, din cauza copiilor de rezerv\u0103 \u0219i a \u00eenregistr\u0103rilor de \u0219tergeri, poate fi imposibil s\u0103 \u0219tergem complet intrarea unui Vizitator f\u0103r\u0103 a p\u0103stra unele informa\u021bii reziduale. Un individ care solicit\u0103 dezactivarea Informa\u021biilor de Identificare Personal\u0103 va avea aceste informa\u021bii \u0219terse func\u021bional, \u0219i nu vom vinde, transfera sau utiliza Informa\u021biile de Identificare Personal\u0103 referitoare la acel individ \u00een niciun fel \u00een viitor.<\/p>\n\n\n\n<h3 class=\"wp-block-heading\">Drepturile dumneavoastr\u0103<\/h3>\n\n\n\n<p>Acestea sunt drepturile sumarizate pe care le ave\u021bi conform legii privind protec\u021bia datelor:<\/p>\n\n\n\n<ul class=\"wp-block-list\">\n<li>Dreptul de acces<\/li>\n<li>Dreptul la rectificare<\/li>\n<li>Dreptul la \u0219tergere<\/li>\n<li>Dreptul de a restric\u021biona procesarea<\/li>\n<li>Dreptul de a obiecta la procesare<\/li>\n<li>Dreptul la portabilitatea datelor<\/li>\n<li>Dreptul de a depune o pl\u00e2ngere la o autoritate de supraveghere<\/li>\n<li>Dreptul de a retrage consim\u021b\u0103m\u00e2ntul<\/li>\n<\/ul>\n\n\n\n<h3 class=\"wp-block-heading\">Confiden\u021bialitatea copiilor<\/h3>\n\n\n\n<p>Serviciul nostru nu se adreseaz\u0103 \u201eCopiilor\u201d, persoane sub 18 ani, \u0219i nu colect\u0103m \u00een mod con\u0219tient informa\u021bii de identificare personal\u0103 de la copii sub 18 ani.<\/p>\n\n\n\n<p>Dac\u0103 sunte\u021bi p\u0103rinte sau tutore \u0219i \u0219ti\u021bi c\u0103 copilul dumneavoastr\u0103 ne-a furnizat Informa\u021bii Personale, v\u0103 rug\u0103m s\u0103 ne contacta\u021bi imediat folosind detaliile de contact furnizate. Dac\u0103 afl\u0103m c\u0103 copii sub 18 ani au furnizat informa\u021bii personale, vom \u0219terge imediat informa\u021biile de pe serverele noastre.<\/p>\n\n\n\n<h3 class=\"wp-block-heading\">Conformitatea cu legile<\/h3>\n\n\n\n<p>Dezv\u0103luirea Informa\u021biilor de Identificare Personal\u0103 pentru a respecta legea. Vom dezv\u0103lui Informa\u021biile de Identificare Personal\u0103 pentru a respecta o cita\u021bie a instan\u021bei sau o cerere din partea unei agen\u021bii de aplicare a legii pentru eliberarea informa\u021biilor. De asemenea, vom dezv\u0103lui Informa\u021biile de Identificare Personal\u0103 atunci c\u00e2nd este rezonabil necesar pentru a proteja siguran\u021ba Vizitatorilor \u0219i Clien\u021bilor no\u0219tri Autoriza\u021bi.<\/p>\n\n\n\n<h3 class=\"wp-block-heading\">Ce se \u00eent\u00e2mpl\u0103 dac\u0103 Politica de Confiden\u021bialitate se schimb\u0103?<\/h3>\n\n\n\n<p>Vom informa Vizitatorii \u0219i Clien\u021bii no\u0219tri Autoriza\u021bi despre modific\u0103rile aduse Politicii noastre de Confiden\u021bialitate prin postarea acestor modific\u0103ri pe Site. Cu toate acestea, dac\u0103 modific\u0103m Politica noastr\u0103 de Confiden\u021bialitate \u00eentr-un mod care ar putea duce la dezv\u0103luirea Informa\u021biilor de Identificare Personal\u0103 pe care un Vizitator sau Client Autorizat a solicitat anterior s\u0103 nu fie dezv\u0103luite, vom contacta acel Vizitator sau Client Autorizat pentru a permite acestuia s\u0103 previn\u0103 o astfel de dezv\u0103luire.<\/p>\n\n\n\n<h3 class=\"wp-block-heading\">Linkuri<\/h3>\n\n\n\n<p>https:\/\/krysha.md con\u021bine linkuri c\u0103tre alte site-uri web. V\u0103 rug\u0103m s\u0103 re\u021bine\u021bi c\u0103 atunci c\u00e2nd da\u021bi clic pe unul dintre aceste linkuri, v\u0103 muta\u021bi pe un alt site web. V\u0103 \u00eencuraj\u0103m s\u0103 citi\u021bi declara\u021biile de confiden\u021bialitate ale acestor site-uri legate, deoarece politicile lor de confiden\u021bialitate pot diferi de ale noastre.<\/p>\n\n\n\n<h3 class=\"wp-block-heading\">Contacta\u021bi-ne<\/h3>\n\n\n\n<p>Dac\u0103 ave\u021bi \u00eentreb\u0103ri despre aceast\u0103 Politic\u0103 de Confiden\u021bialitate, contacta\u021bi-ne la <a href=\"mailto:materialeacoperis.md@gmail.com\">materialeacoperis.md@gmail.com<\/a>.<\/p>\n\n\n<hr class=\"wp-block-separator\" \/>\n\n\n<p>Ultima actualizare: 26 septembrie 2025<\/p>\n\n<p>&nbsp;<\/p>\t\t\t\t\t\t\t\t<\/div>\n\t\t\t\t<\/div>\n\t\t\t\t\t<\/div>\n\t\t<\/div>\n\t\t\t\t\t<\/div>\n\t\t<\/section>\n\t\t\t\t<\/div>","protected":false},"excerpt":{"rendered":"<p>Politica de Confiden\u021bialitate Bun venit pe https:\/\/krysha.md (\u201eSite-ul\u201d). \u00cen\u021belegem c\u0103 confiden\u021bialitatea online este important\u0103 pentru utilizatorii Site-ului nostru, \u00een special<\/p>","protected":false},"author":14,"featured_media":0,"parent":0,"menu_order":0,"comment_status":"closed","ping_status":"closed","template":"","meta":{"footnotes":""},"class_list":["post-15533","page","type-page","status-publish","hentry"],"_links":{"self":[{"href":"https:\/\/krysha.md\/ru\/wp-json\/wp\/v2\/pages\/15533","targetHints":{"allow":["GET"]}}],"collection":[{"href":"https:\/\/krysha.md\/ru\/wp-json\/wp\/v2\/pages"}],"about":[{"href":"https:\/\/krysha.md\/ru\/wp-json\/wp\/v2\/types\/page"}],"author":[{"embeddable":true,"href":"https:\/\/krysha.md\/ru\/wp-json\/wp\/v2\/users\/14"}],"replies":[{"embeddable":true,"href":"https:\/\/krysha.md\/ru\/wp-json\/wp\/v2\/comments?post=15533"}],"version-history":[{"count":0,"href":"https:\/\/krysha.md\/ru\/wp-json\/wp\/v2\/pages\/15533\/revisions"}],"wp:attachment":[{"href":"https:\/\/krysha.md\/ru\/wp-json\/wp\/v2\/media?parent=15533"}],"curies":[{"name":"wp","href":"https:\/\/api.w.org\/{rel}","templated":true}]}}